{"id":43779,"date":"2026-05-06T11:57:05","date_gmt":"2026-05-06T09:57:05","guid":{"rendered":"https:\/\/pantsat.dk\/shop\/produkt\/giant-propel-advanced-aero-carbon-racer-med-carbonhjul-%f0%9f%9a%b4%f0%9f%8f%bc\/"},"modified":"2026-05-06T12:02:19","modified_gmt":"2026-05-06T10:02:19","slug":"giant-propel-advanced-aero-carbon-racer-med-carbonhjul-%f0%9f%9a%b4%f0%9f%8f%bc","status":"publish","type":"product","link":"https:\/\/pantsat.dk\/shop\/produkt\/giant-propel-advanced-aero-carbon-racer-med-carbonhjul-%f0%9f%9a%b4%f0%9f%8f%bc\/","title":{"rendered":"Giant Propel Advanced \u2013 Aero Carbon Racer med Carbonhjul \ud83d\udeb4\ud83c\udffc"},"content":{"rendered":"","protected":false},"excerpt":{"rendered":"<p>Giant Propel Advanced \u2013 Aero Carbon Racer med Carbonhjul \ud83d\udeb4\ud83c\udffc<\/p>\n<p>Denne cykel er til rytteren, der vil have den skarpe aero-fornemmelse og h\u00f8j gennemsnitsfart, men ogs\u00e5 s\u00e6tter pris p\u00e5 moderne funktionalitet og driftssikkerhed i hverdagen<\/p>\n<p>Specifikationer:<br \/>\n\u25aa\ufe0fModel: Giant Propel Advanced<br \/>\n\u25aa\ufe0fSt\u00f8rrelse: M<br \/>\n\u25aa\ufe0fFarve: R\u00f8d \/ m\u00f8rk bordeaux fade<br \/>\n\u25aa\ufe0fRamme: Full carbon aero frame<br \/>\n\u25aa\ufe0fForgaffel: Full carbon<br \/>\n\u25aa\ufe0fGeargruppe: Shimano 105 R7020 hydraulisk<br \/>\n\u25aa\ufe0fGear: 2&#215;11 speed<br \/>\n\u25aa\ufe0fBremser: Shimano 105 hydrauliske skivebremser<br \/>\n\u25aa\ufe0fKranks\u00e6t: Shimano 105<br \/>\n\u25aa\ufe0fBagskifter: Shimano 105<br \/>\n\u25aa\ufe0fForskifter: Shimano 105<br \/>\n\u25aa\ufe0fSkiftegreb: Shimano 105 STI hydrauliske<br \/>\n\u25aa\ufe0fKassette: Shimano 11-speed<br \/>\n\u25aa\ufe0fHjul: XERO carbon hjuls\u00e6t<br \/>\n\u25aa\ufe0fD\u00e6k: Vittoria Corsa Pro Control tanwall<br \/>\n\u25aa\ufe0fCockpit: Aero dropbar<br \/>\n\u25aa\ufe0fPedaler: Medf\u00f8lger som vist p\u00e5 billeder<\/p>\n<p>Highlights:<br \/>\n\u2796 Aero carbonramme<br \/>\n\u2796 Hydrauliske skivebremser<br \/>\n\u2796 Carbonhjul med h\u00f8j profil<br \/>\n\u2796 Hurtig og stiv racercykel<br \/>\n\u2796 Klar til s\u00e6sonen<br \/>\n\u2796 Stand Cyklen er brugt og har enkelte kosmetiske brugsspor\/ridser som vist p\u00e5 billederne, men fungerer som den skal mekanisk<br \/>\n\u2796 Perfekt til rytteren der vil have en hurtig aero-racer uden at betale nypris.<\/p>\n","protected":false},"featured_media":43781,"template":"","meta":[],"product_brand":[],"product_cat":[974],"product_tag":[],"class_list":{"0":"post-43779","1":"product","2":"type-product","3":"status-publish","4":"has-post-thumbnail","6":"product_cat-herrecykel","8":"first","9":"instock","10":"shipping-taxable","11":"purchasable","12":"product-type-simple"},"_links":{"self":[{"href":"https:\/\/pantsat.dk\/shop\/wp-json\/wp\/v2\/product\/43779","targetHints":{"allow":["GET"]}}],"collection":[{"href":"https:\/\/pantsat.dk\/shop\/wp-json\/wp\/v2\/product"}],"about":[{"href":"https:\/\/pantsat.dk\/shop\/wp-json\/wp\/v2\/types\/product"}],"version-history":[{"count":1,"href":"https:\/\/pantsat.dk\/shop\/wp-json\/wp\/v2\/product\/43779\/revisions"}],"predecessor-version":[{"id":43780,"href":"https:\/\/pantsat.dk\/shop\/wp-json\/wp\/v2\/product\/43779\/revisions\/43780"}],"wp:featuredmedia":[{"embeddable":true,"href":"https:\/\/pantsat.dk\/shop\/wp-json\/wp\/v2\/media\/43781"}],"wp:attachment":[{"href":"https:\/\/pantsat.dk\/shop\/wp-json\/wp\/v2\/media?parent=43779"}],"wp:term":[{"taxonomy":"product_brand","embeddable":true,"href":"https:\/\/pantsat.dk\/shop\/wp-json\/wp\/v2\/product_brand?post=43779"},{"taxonomy":"product_cat","embeddable":true,"href":"https:\/\/pantsat.dk\/shop\/wp-json\/wp\/v2\/product_cat?post=43779"},{"taxonomy":"product_tag","embeddable":true,"href":"https:\/\/pantsat.dk\/shop\/wp-json\/wp\/v2\/product_tag?post=43779"}],"curies":[{"name":"wp","href":"https:\/\/api.w.org\/{rel}","templated":true}]}}