{"id":34030,"date":"2025-11-04T18:00:43","date_gmt":"2025-11-04T17:00:43","guid":{"rendered":"https:\/\/pantsat.dk\/shop\/produkt\/breitling-chrono-superocean\/"},"modified":"2026-05-05T13:37:17","modified_gmt":"2026-05-05T11:37:17","slug":"breitling-chrono-superocean","status":"publish","type":"product","link":"https:\/\/pantsat.dk\/shop\/produkt\/breitling-chrono-superocean\/","title":{"rendered":"Breitling Chrono Superocean"},"content":{"rendered":"","protected":false},"excerpt":{"rendered":"<p>Breitling A13340 \u2013 ikonisk styrke og pr\u00e6cision<br \/>\nEt maskulint og karakterst\u00e6rkt ur fra Breitling, skabt til dem der v\u00e6rds\u00e6tter \u00e6gte schweizisk h\u00e5ndv\u00e6rk. A13340 kombinerer robust st\u00e5l, kronograf-funktion og et sporty, elegant udtryk, der g\u00f8r det perfekt b\u00e5de til hverdagsbrug og formelle anledninger. Med sin p\u00e5lidelige automatisk bev\u00e6gelse og tidl\u00f8se design er dette ur et sikkert valg for samlere og entusiaster, der \u00f8nsker kvalitet uden kompromis.<\/p>\n","protected":false},"featured_media":34023,"template":"","meta":[],"product_brand":[],"product_cat":[983],"product_tag":[],"class_list":{"0":"post-34030","1":"product","2":"type-product","3":"status-publish","4":"has-post-thumbnail","6":"product_cat-breitling","8":"first","9":"instock","10":"shipping-taxable","11":"purchasable","12":"product-type-simple"},"_links":{"self":[{"href":"https:\/\/pantsat.dk\/shop\/wp-json\/wp\/v2\/product\/34030","targetHints":{"allow":["GET"]}}],"collection":[{"href":"https:\/\/pantsat.dk\/shop\/wp-json\/wp\/v2\/product"}],"about":[{"href":"https:\/\/pantsat.dk\/shop\/wp-json\/wp\/v2\/types\/product"}],"version-history":[{"count":1,"href":"https:\/\/pantsat.dk\/shop\/wp-json\/wp\/v2\/product\/34030\/revisions"}],"predecessor-version":[{"id":35210,"href":"https:\/\/pantsat.dk\/shop\/wp-json\/wp\/v2\/product\/34030\/revisions\/35210"}],"wp:featuredmedia":[{"embeddable":true,"href":"https:\/\/pantsat.dk\/shop\/wp-json\/wp\/v2\/media\/34023"}],"wp:attachment":[{"href":"https:\/\/pantsat.dk\/shop\/wp-json\/wp\/v2\/media?parent=34030"}],"wp:term":[{"taxonomy":"product_brand","embeddable":true,"href":"https:\/\/pantsat.dk\/shop\/wp-json\/wp\/v2\/product_brand?post=34030"},{"taxonomy":"product_cat","embeddable":true,"href":"https:\/\/pantsat.dk\/shop\/wp-json\/wp\/v2\/product_cat?post=34030"},{"taxonomy":"product_tag","embeddable":true,"href":"https:\/\/pantsat.dk\/shop\/wp-json\/wp\/v2\/product_tag?post=34030"}],"curies":[{"name":"wp","href":"https:\/\/api.w.org\/{rel}","templated":true}]}}